{"id":703,"date":"2024-06-05T02:08:53","date_gmt":"2024-06-05T02:08:53","guid":{"rendered":"https:\/\/lampowatti.fi\/vatten-luft-varmepump\/"},"modified":"2025-02-27T06:28:59","modified_gmt":"2025-02-27T06:28:59","slug":"vatten-luft-varmepump","status":"publish","type":"page","link":"https:\/\/lampowatti.fi\/sv\/vatten-luft-varmepump\/","title":{"rendered":"Vatten\/luft-v\u00e4rmepump"},"content":{"rendered":"\n<p>En vatten\/luft-v\u00e4rmepump \u00e4r en utm\u00e4rkt investering f\u00f6r ett finskt hem. Ett gammaldags uppv\u00e4rmningssystem f\u00f6rbrukar ofta extra energi i on\u00f6dan, och d\u00e4rf\u00f6r b\u00f6r du boka en kostnadsfri unders\u00f6kning f\u00f6r att ta reda p\u00e5 hur mycket en modern vatten\/luft-v\u00e4rmepump skulle kosta f\u00f6r ditt hem och hur mycket du kan spara p\u00e5 dina uppv\u00e4rmningskostnader. I den h\u00e4r artikeln f\u00f6rklarar vi vad en vatten-luft-v\u00e4rmepump \u00e4r, skillnaderna mellan en vatten-luft-v\u00e4rmepump och en geotermisk v\u00e4rmepump och varf\u00f6r du ska skaffa en vatten-luft-v\u00e4rmepump till ditt hem. Vi ber\u00e4ttar ocks\u00e5 var du ska k\u00f6pa din vatten\/luft-v\u00e4rmepump s\u00e5 att hela processen g\u00e5r professionellt fr\u00e5n b\u00f6rjan till slut. I slutet av artikeln ber\u00e4ttar vi hur du kan f\u00e5 en vatten-till-luft-v\u00e4rmepump s\u00e5 enkelt som m\u00f6jligt. S\u00e5 bli inte ensam med potentiella problem med ditt v\u00e4rmesystem, ta till dig tipsen i den h\u00e4r artikeln och uppgradera ditt v\u00e4rmesystem till det mest moderna alternativet p\u00e5 marknaden!<\/p>\n\n<h2 class=\"wp-block-heading\">Vad \u00e4r en vatten\/luft-v\u00e4rmepump?<\/h2>\n\n<p>En vatten-luftv\u00e4rmepump \u00e4r ett v\u00e4rmesystem som \u00e4r anslutet till bostadens vattenkrets. N\u00e4r den v\u00e4l \u00e4r installerad fungerar en vatten\/luft-v\u00e4rmepump som ett v\u00e4rmesystem f\u00f6r hela hemmet, till skillnad fr\u00e5n en luft\/luft-v\u00e4rmepump som bara bl\u00e5ser luft till specifika delar av fastigheten. En vatten\/luft-v\u00e4rmepump \u00e4r ocks\u00e5 l\u00e4mplig f\u00f6r uppv\u00e4rmning av tappvarmvatten.<\/p>\n\n<p>Systemet fungerar genom att \u00f6verf\u00f6ra v\u00e4rmeenergi fr\u00e5n utomhusluften till bostadens vattenburna v\u00e4rmesystem. F\u00f6r n\u00e4rvarande \u00e4r vatten\/luft-v\u00e4rmepumpen det mest popul\u00e4ra valet av uppv\u00e4rmningssystem i finska hem. Det \u00e4r dock v\u00e4rt att notera att om en vatten-luftv\u00e4rmepump anv\u00e4nds som huvudsaklig v\u00e4rmek\u00e4lla f\u00f6r ditt hem, b\u00f6r du ocks\u00e5 installera ett reservv\u00e4rmesystem f\u00f6r de tuffaste frostarna. Till exempel kan el- eller vedeldning fungera som reservsystem f\u00f6r en vatten\/luft-v\u00e4rmepump. De flesta vatten\/luft-v\u00e4rmepumpar har ett elektriskt motst\u00e5nd installerat som standard.<\/p>\n\n<h2 class=\"wp-block-heading\">Vad \u00e4r skillnaden mellan en vatten-luft-v\u00e4rmepump och en bergv\u00e4rmepump?<\/h2>\n\n<p>Den st\u00f6rsta skillnaden mellan en vatten-luftv\u00e4rmepump och en bergv\u00e4rmepump \u00e4r varifr\u00e5n systemet h\u00e4mtar v\u00e4rme. En vatten\/luft-v\u00e4rmepump h\u00e4mtar v\u00e4rme fr\u00e5n utomhusluften genom sin utomhusenhet, medan en bergv\u00e4rmepump anv\u00e4nder v\u00e4rme fr\u00e5n ett borrh\u00e5l i marken. En annan viktig skillnad g\u00e4ller investeringskostnaderna f\u00f6r systemen, d\u00e4r installationen av en vatten\/luft-v\u00e4rmepump \u00e4r betydligt billigare \u00e4n en bergv\u00e4rmepump.<\/p>\n\n<p>Den tredje stora skillnaden mellan en bergv\u00e4rmepump och en vatten\/luft-v\u00e4rmepump \u00e4r att en bergv\u00e4rmepump kan producera samma m\u00e4ngd v\u00e4rme i n\u00e4stan alla v\u00e4derf\u00f6rh\u00e5llanden, medan effektiviteten hos en vatten\/luft-v\u00e4rmepump minskar vid cirka -25 minusgrader, beroende p\u00e5 modell (Daikins vatten\/luft-v\u00e4rmepumpar har ingen l\u00e4gsta driftstemperatur. Daikin har modeller som kan producera vatten vid +70 grader Celsius \u00e4ven vid -28 minusgrader. I finska f\u00f6rh\u00e5llanden b\u00f6r ett reservv\u00e4rmesystem installeras vid sidan av vatten\/luft-v\u00e4rmepumpen (de flesta vatten\/luft-v\u00e4rmepumpar har ett elektriskt motst\u00e5nd installerat som standard).  <\/p>\n\n<h2 class=\"wp-block-heading\">Varf\u00f6r installera en vatten\/luft-v\u00e4rmepump i ditt hem?<\/h2>\n\n<p>Under Finlands l\u00e5nga och kalla vinter och i samband med olika energikriser kommer alla typer av elbesparingstips v\u00e4l till pass och en vatten\/luft-v\u00e4rmepump \u00e4r ett av de b\u00e4sta spartipsen. Vatten\/luft-v\u00e4rmepumpar kan hj\u00e4lpa hush\u00e5llen att g\u00f6ra betydande besparingar p\u00e5 sina uppv\u00e4rmningskostnader: besparingar p\u00e5 upp till 50-70% kan g\u00f6ras j\u00e4mf\u00f6rt med tidigare uppv\u00e4rmningskostnader. Storleken p\u00e5 vatten\/luft-v\u00e4rmepumpen och fastighetens storlek p\u00e5verkar priset p\u00e5 vatten\/luft-v\u00e4rmepumpen. Generellt kan man s\u00e4ga att en vatten\/luft-v\u00e4rmepump betalar tillbaka sin initiala investering p\u00e5 cirka 5-7 \u00e5r. Det beror p\u00e5 att en vatten-luftv\u00e4rmepump kan hj\u00e4lpa dig att spara tusentals euro i uppv\u00e4rmningskostnader f\u00f6r hemmet varje \u00e5r.<\/p>\n\n<p>F\u00f6rutom att spara p\u00e5 uppv\u00e4rmningskostnaderna hj\u00e4lper en vatten\/luft-v\u00e4rmepump till att se till att det alltid \u00e4r r\u00e4tt temperatur \u00f6verallt i ditt hem. Till skillnad fr\u00e5n en luftv\u00e4rmepump v\u00e4rmer en vattenv\u00e4rmepump upp hela ditt hem. Vatten\/luft-v\u00e4rmepumpar \u00e4r ocks\u00e5 prisv\u00e4rda och den totala investeringen f\u00f6r att installera en vatten\/luft-v\u00e4rmepump blir l\u00e4gre \u00e4n f\u00f6r ett bergv\u00e4rmesystem.<\/p>\n\n<p>Det \u00e4r dock v\u00e4rt att notera att effektiviteten hos en vatten\/luft-v\u00e4rmepump b\u00f6rjar minska, beroende p\u00e5 modell, n\u00e4r temperaturen sjunker till cirka -25 grader Celsius. Vid s\u00e5dana temperaturer kommer t.ex. Daikin Altherma 3 R vatten\/luft-v\u00e4rmepumpen vid behov att anv\u00e4nda det integrerade elektriska motst\u00e5ndet stegvis.  I en s\u00e5dan situation st\u00e4ngs m\u00e5nga av de vatten\/luft-v\u00e4rmepumpar som finns p\u00e5 marknaden av automatiskt och v\u00e4rmesystemet v\u00e4xlar till en annan form av uppv\u00e4rmning av bostaden, t.ex. direktverkande elv\u00e4rme. Daikins vatten\/luft-v\u00e4rmepumpar har dock ingen l\u00e4gsta drifttemperatur och t.ex. Daikin Altherma 3 R MT har testats i de finska Alperna under riktigt extrema f\u00f6rh\u00e5llanden.  Lyckligtvis \u00e4r det relativt f\u00e5 s\u00e5dana frostperioder i Finland i dag, s\u00e4rskilt i s\u00f6der, s\u00e5 det \u00e4r ingen st\u00f6rre skillnad i \u00e5rliga driftskostnader om man anv\u00e4nder utrustning av god kvalitet.<\/p>\n\n<h2 class=\"wp-block-heading\">Var kan man k\u00f6pa vatten\/luft-v\u00e4rmepumpar?<\/h2>\n\n<p>Vatten\/luft-v\u00e4rmepumpar b\u00f6r k\u00f6pas fr\u00e5n de professionella akt\u00f6rerna p\u00e5 omr\u00e5det, L\u00e4mp\u00f6Wat eller OmaWat. OmaWatti grundades \u00e5r 2015. F\u00f6retaget \u00e4r verksamt inom olika eluppdrag, t.ex. h\u00f6gkvalitativ och m\u00e5ngsidig energirenovering av sm\u00e5hus och installation av solcellspaneler. OmaWattis ledstj\u00e4rna \u00e4r att genuint hj\u00e4lpa sina kunder och identifiera deras behov. M\u00e5let \u00e4r alltid att g\u00f6ra jobbet minst lika bra som om det hade gjorts \u00e5t dig. L\u00e4mp\u00f6Watti grundades som en del av OmaWatti Oy-koncernen \u00e5r 2024. Bolaget \u00e4r specialiserat p\u00e5 energirenovering.<\/p>\n\n<p>Genom att v\u00e4lja antingen L\u00e4mp\u00f6Wat eller OmaWat som leverant\u00f6r av vatten-luftv\u00e4rmepumpar kan du vara s\u00e4ker p\u00e5 att k\u00f6pet av ditt v\u00e4rmesystem och energirenoveringen av ditt hem kommer att hanteras professionellt fr\u00e5n den f\u00f6rsta unders\u00f6kningen till leveransen av systemet. Vatten\/luft-v\u00e4rmepumpar b\u00f6r k\u00f6pas fr\u00e5n antingen L\u00e4mp\u00f6Wat eller OmaWat just f\u00f6r att f\u00f6retaget tar hand om energirenoveringen av ditt hem fr\u00e5n b\u00f6rjan till slut. Du beh\u00f6ver inte vara expert p\u00e5 v\u00e4rmesystem eller \u00e4gna mycket tid \u00e5t att l\u00e4ra dig om \u00e4mnet f\u00f6r att f\u00e5 det modernaste v\u00e4rmesystemet f\u00f6r ditt hem, utan kan lita p\u00e5 att en p\u00e5litlig yrkesman v\u00e4ljer, k\u00f6per och installerar ditt v\u00e4rmesystem. B\u00e5da f\u00f6retagen ovan erbjuder kostnadsfria inledande unders\u00f6kningar f\u00f6r att bed\u00f6ma situationen i ditt hem och ge dig en fast prisoffert f\u00f6r en energirenovering som passar just ditt hem.<\/p>\n\n<p>Efter den inledande unders\u00f6kningen best\u00e4ller det f\u00f6retag du v\u00e4ljer den utrustning som beh\u00f6vs f\u00f6r energirenoveringen. Det \u00e4r mycket viktigt att v\u00e4lja den b\u00e4sta vatten\/luft-v\u00e4rmepumpen f\u00f6r ditt hem, s\u00e5 det \u00e4r definitivt v\u00e4rt att \u00f6verl\u00e5ta det till en erfaren professionell att bed\u00f6ma situationen i ditt hem och v\u00e4lja r\u00e4tt utrustning. N\u00e4r du till exempel k\u00f6per och installerar en Daikin v\u00e4rmepump genom L\u00e4mp\u00f6Wat kan du vara s\u00e4ker p\u00e5 att energirenoveringen av ditt hem kommer att genomf\u00f6ras p\u00e5 ett tillf\u00f6rlitligt s\u00e4tt och att slutresultatet blir lyckat. OmaWats styrkor \u00e4r dess mellanklasspris och genomt\u00e4nkta och noggrant utformade l\u00f6sningar. OmaWatti satsar p\u00e5 en god atmosf\u00e4r i arbetsgemenskapen, vilket \u00e5terspeglas i hela f\u00f6retaget. Dessutom investerar OmaWatti i den senaste tekniken inom branschen.<\/p>\n\n<p>Installationen av v\u00e4rmesystemet tar bara 1-3 dagar och utf\u00f6rs p\u00e5 nyckelf\u00e4rdig basis. N\u00e4r f\u00f6retaget \u00f6verl\u00e4mnar det nyinstallerade v\u00e4rmesystemet till dig \u00e4r allt klart f\u00f6r \u00e5ratal av kostnads- och energieffektiv uppv\u00e4rmning. Ut\u00f6ver erbjudandet f\u00e5r du ocks\u00e5 v\u00e4gledning om hur du anv\u00e4nder och underh\u00e5ller din nya vatten\/luft-v\u00e4rmepump.<\/p>\n\n<p>Genom L\u00e4mp\u00f6Wat har du m\u00f6jlighet att finansiera installationen av en vatten\/luft-v\u00e4rmepump med 60 m\u00e5naders r\u00e4ntefri finansiering. Det h\u00e4r \u00e4r ett utm\u00e4rkt tillf\u00e4lle f\u00f6r dig som vill uppgradera ditt hems energihush\u00e5llning till modern tid, men inte har r\u00e5d att betala f\u00f6r en vatten-luftv\u00e4rmepump och dess installation p\u00e5 en g\u00e5ng, h\u00e4r och nu. I framtiden kommer en vatten\/luft-v\u00e4rmepump att hj\u00e4lpa dig att spara \u00e4nnu mer pengar, vilket g\u00f6r den till valet f\u00f6r den sparsamma hus\u00e4garen!<\/p>\n\n<p>Det \u00e4r ocks\u00e5 v\u00e4rt att installera en vatten-luftv\u00e4rmepump om du ska s\u00e4lja din bostad inom en snar framtid. Ett modernt v\u00e4rmesystem med vatten-luftv\u00e4rmepump kommer att \u00f6ka v\u00e4rdet p\u00e5 ditt hus, och i vissa fall kan ett mycket gammaldags v\u00e4rmesystem till och med blockera en husf\u00f6rs\u00e4ljning. S\u00e5 \u00e4ven om det inte \u00e4r aktuellt att s\u00e4lja din bostad just nu, \u00e4r det v\u00e4rt att \u00f6verv\u00e4ga valet av v\u00e4rmesystem ur detta perspektiv.<\/p>\n\n<h2 class=\"wp-block-heading\">Hur kan jag skaffa en vatten-luftv\u00e4rmepump s\u00e5 billigt som m\u00f6jligt?<\/h2>\n\n<p>Om du \u00e4r \u00f6vertygad om f\u00f6rdelarna med en vatten-luftv\u00e4rmepump vill du veta hur du kan skaffa en p\u00e5 det mest bekv\u00e4ma och problemfria s\u00e4ttet som m\u00f6jligt. Det allra f\u00f6rsta du b\u00f6r g\u00f6ra \u00e4r att boka en kostnadsfri inledande bed\u00f6mning med antingen OmaWat eller L\u00e4mp\u00f6Wat. Detta kan g\u00f6ras snabbt och enkelt via kontakt- eller offertformul\u00e4ret p\u00e5 webbplatsen f\u00f6r det f\u00f6retag du v\u00e4ljer, eller via telefon.<\/p>\n\n<p>N\u00e4r du har kontaktat oss kommer en representant f\u00f6r det f\u00f6retag du v\u00e4ljer hem till dig f\u00f6r att g\u00f6ra en f\u00f6rsta bed\u00f6mning. Under den inledande unders\u00f6kningen bed\u00f6mer vi kostnadsfritt situationen i ditt hem och den l\u00e4mpligaste v\u00e4rmarenoveringen f\u00f6r ditt hem. Under unders\u00f6kningen kommer du att f\u00e5 ett erbjudande om fast pris som du kan acceptera eller f\u00f6rkasta. Den inledande besiktningen \u00e4r \u00e4nnu inte bindande, s\u00e5 du kan boka en kostnadsfri inledande besiktning f\u00f6r ditt hem och f\u00f6rst efter att du har sett erbjudandet best\u00e4mma dig f\u00f6r om det \u00e4r exakt vad du och ditt hem beh\u00f6ver.<\/p>\n\n<p>Om du best\u00e4mmer dig f\u00f6r att acceptera det erbjudande du fick under den inledande unders\u00f6kningen best\u00e4ller du den utrustning du beh\u00f6ver f\u00f6r renoveringen fr\u00e5n det f\u00f6retag du v\u00e4ljer. Till exempel \u00e4r Daikins vatten\/luft-v\u00e4rmepump ett popul\u00e4rt alternativ i finska hem. N\u00e4r utrustningen anl\u00e4nder kommer det f\u00f6retag du v\u00e4ljer att installera en ny vatten-luftv\u00e4rmepump i ditt hem. Installationen av en vatten\/luft-v\u00e4rmepump tar bara 1-3 dagar och g\u00f6rs nyckelf\u00e4rdigt. P\u00e5 s\u00e5 s\u00e4tt kan du koncentrera dig p\u00e5 ditt dagliga liv och \u00f6verl\u00e5ta installationen av din vatten\/luft-v\u00e4rmepump helt och h\u00e5llet till en fackman som du v\u00e4ljer.<\/p>\n\n<p>N\u00e4r installationen av en vatten\/luft-v\u00e4rmepump \u00e4r klar har du ett fullt fungerande, kostnads- och energieffektivt v\u00e4rmesystem. Du kommer ocks\u00e5 att f\u00e5 v\u00e4gledning om anv\u00e4ndning och underh\u00e5ll av din nya vatten-luftv\u00e4rmepump. En vatten\/luft-v\u00e4rmepump av h\u00f6g kvalitet kommer att f\u00f6rse ditt hem med ett tillf\u00f6rlitligt v\u00e4rmesystem under m\u00e5nga \u00e5r fram\u00f6ver, s\u00e5 att du kan forts\u00e4tta att fokusera p\u00e5 din vardag medan din vatten\/luft-v\u00e4rmepump v\u00e4rmer upp ditt hem. Det l\u00f6nar sig att investera i en bekymmersfri vardag, och d\u00e4rf\u00f6r \u00e4r en vatten\/luft-v\u00e4rmepump det fr\u00e4msta valet f\u00f6r den moderna hus\u00e4garen!<\/p>\n","protected":false},"excerpt":{"rendered":"<p>En vatten\/luft-v\u00e4rmepump \u00e4r en utm\u00e4rkt investering f\u00f6r ett finskt hem. Ett gammaldags uppv\u00e4rmningssystem f\u00f6rbrukar ofta extra energi i on\u00f6dan, och d\u00e4rf\u00f6r b\u00f6r du boka en kostnadsfri unders\u00f6kning f\u00f6r att ta reda p\u00e5 hur mycket en modern vatten\/luft-v\u00e4rmepump skulle kosta f\u00f6r ditt hem och hur mycket du kan spara p\u00e5 dina uppv\u00e4rmningskostnader. I den h\u00e4r artikeln [&hellip;]<\/p>\n","protected":false},"author":3,"featured_media":0,"parent":0,"menu_order":0,"comment_status":"closed","ping_status":"closed","template":"","meta":{"footnotes":""},"class_list":["post-703","page","type-page","status-publish","hentry"],"_links":{"self":[{"href":"https:\/\/lampowatti.fi\/sv\/wp-json\/wp\/v2\/pages\/703","targetHints":{"allow":["GET"]}}],"collection":[{"href":"https:\/\/lampowatti.fi\/sv\/wp-json\/wp\/v2\/pages"}],"about":[{"href":"https:\/\/lampowatti.fi\/sv\/wp-json\/wp\/v2\/types\/page"}],"author":[{"embeddable":true,"href":"https:\/\/lampowatti.fi\/sv\/wp-json\/wp\/v2\/users\/3"}],"replies":[{"embeddable":true,"href":"https:\/\/lampowatti.fi\/sv\/wp-json\/wp\/v2\/comments?post=703"}],"version-history":[{"count":0,"href":"https:\/\/lampowatti.fi\/sv\/wp-json\/wp\/v2\/pages\/703\/revisions"}],"wp:attachment":[{"href":"https:\/\/lampowatti.fi\/sv\/wp-json\/wp\/v2\/media?parent=703"}],"curies":[{"name":"wp","href":"https:\/\/api.w.org\/{rel}","templated":true}]}}