{"id":615,"date":"2024-06-02T05:16:21","date_gmt":"2024-06-02T05:16:21","guid":{"rendered":"https:\/\/lampowatti.fi\/ritning-pa\/"},"modified":"2025-02-27T06:28:58","modified_gmt":"2025-02-27T06:28:58","slug":"ritning-pa","status":"publish","type":"page","link":"https:\/\/lampowatti.fi\/sv\/ritning-pa\/","title":{"rendered":"V\u00e4rmepump dragning"},"content":{"rendered":"\t\t<div data-elementor-type=\"wp-page\" data-elementor-id=\"615\" class=\"elementor elementor-615 elementor-609\" data-elementor-post-type=\"page\">\n\t\t\t\t<div class=\"elementor-element elementor-element-0c435cf e-flex e-con-boxed e-con e-parent\" data-id=\"0c435cf\" data-element_type=\"container\" data-e-type=\"container\">\n\t\t\t\t\t<div class=\"e-con-inner\">\n\t\t\t\t<div class=\"elementor-element elementor-element-b61d46c elementor-widget elementor-widget-heading\" data-id=\"b61d46c\" data-element_type=\"widget\" data-e-type=\"widget\" data-widget_type=\"heading.default\">\n\t\t\t\t\t<h2 class=\"elementor-heading-title elementor-size-default\">Vinn en vattenv\u00e4rmepump f\u00f6r 8000 \u20ac installerad i ditt hem i L\u00e4mp\u00f6Wats utlottning<\/h2>\t\t\t\t<\/div>\n\t\t\t\t\t<\/div>\n\t\t\t\t<\/div>\n\t\t<div class=\"elementor-element elementor-element-3e88f73 e-flex e-con-boxed e-con e-parent\" data-id=\"3e88f73\" data-element_type=\"container\" data-e-type=\"container\">\n\t\t\t\t\t<div class=\"e-con-inner\">\n\t\t<div class=\"elementor-element elementor-element-dbd8c87 e-con-full e-flex e-con e-child\" data-id=\"dbd8c87\" data-element_type=\"container\" data-e-type=\"container\">\n\t\t\t\t<div class=\"elementor-element elementor-element-2d412df elementor-widget elementor-widget-text-editor\" data-id=\"2d412df\" data-element_type=\"widget\" data-e-type=\"widget\" data-widget_type=\"text-editor.default\">\n\t\t\t\t\t\t\t\t\t<p>Vill du vinna nyckelf\u00e4rdig vatten-till-luft-v\u00e4rme installerad i ditt hem (v\u00e4rde 8 000 euro) och spara stora summor p\u00e5 din elr\u00e4kning?&nbsp; <span style=\"color: var( --e-global-color-text ); font-family: var( --e-global-typography-text-font-family ), Sans-serif; font-weight: var( --e-global-typography-text-font-weight ); font-size: 1rem;\">Delta i L\u00e4mp\u00f6Wats stora v\u00e4rmepumpsdragning 2025 och du kan bli den lyckliga vinnaren.<\/span><\/p>\n<p>F\u00f6r att delta beh\u00f6ver du bara fylla i formul\u00e4ret nedan s\u00e5 deltar du i en prisdragning, du \u00e4r <b>inte bunden<\/b> av <b>n\u00e5gra skyldigheter<\/b> och det \u00e4r <b>helt kostnadsfritt<\/b>.<\/p>\t\t\t\t\t\t\t\t<\/div>\n\t\t\t\t<div class=\"elementor-element elementor-element-463761c elementor-widget elementor-widget-heading\" data-id=\"463761c\" data-element_type=\"widget\" data-e-type=\"widget\" data-widget_type=\"heading.default\">\n\t\t\t\t\t<h3 class=\"elementor-heading-title elementor-size-default\">Fyll i formul\u00e4ret nedan f\u00f6r att delta i v\u00e5r prisdragning<\/h3>\t\t\t\t<\/div>\n\t\t\t\t<\/div>\n\t\t<div class=\"elementor-element elementor-element-072c0b5 e-con-full e-flex e-con e-child\" data-id=\"072c0b5\" data-element_type=\"container\" data-e-type=\"container\">\n\t\t\t\t<div class=\"elementor-element elementor-element-eff9703 elementor-widget elementor-widget-heading\" data-id=\"eff9703\" data-element_type=\"widget\" data-e-type=\"widget\" data-widget_type=\"heading.default\">\n\t\t\t\t\t<h3 class=\"elementor-heading-title elementor-size-default\">\u00c4r du intresserad av en vatten-luft-v\u00e4rmepump f\u00f6r ditt hem?<\/h3>\t\t\t\t<\/div>\n\t\t\t\t<div class=\"elementor-element elementor-element-f38a66d elementor-widget elementor-widget-image\" data-id=\"f38a66d\" data-element_type=\"widget\" data-e-type=\"widget\" data-widget_type=\"image.default\">\n\t\t\t\t\t\t\t\t\t\t\t\t\t\t\t<img fetchpriority=\"high\" decoding=\"async\" width=\"500\" height=\"452\" src=\"https:\/\/lampowatti.fi\/wp-content\/uploads\/2024\/07\/lampopumppuarvonta.png\" class=\"attachment-full size-full wp-image-1003\" alt=\"L\u00e4mp\u00f6pumppuarvonta\" srcset=\"https:\/\/lampowatti.fi\/wp-content\/uploads\/2024\/07\/lampopumppuarvonta.png 500w, https:\/\/lampowatti.fi\/wp-content\/uploads\/2024\/07\/lampopumppuarvonta-300x271.png 300w\" sizes=\"(max-width: 500px) 100vw, 500px\" title=\"\">\t\t\t\t\t\t\t\t\t\t\t\t\t\t\t<\/div>\n\t\t\t\t<div class=\"elementor-element elementor-element-04377a3 elementor-widget elementor-widget-heading\" data-id=\"04377a3\" data-element_type=\"widget\" data-e-type=\"widget\" data-widget_type=\"heading.default\">\n\t\t\t\t\t<span class=\"elementor-heading-title elementor-size-default\">Vatten\/luft-v\u00e4rmepumpar fr\u00e5n L\u00e4mp\u00f6Wat med 60 m\u00e5naders r\u00e4ntefri avbetalning. Vill du ha en bra deal? <\/span>\t\t\t\t<\/div>\n\t\t\t\t<\/div>\n\t\t\t\t\t<\/div>\n\t\t\t\t<\/div>\n\t\t<div class=\"elementor-element elementor-element-a71fab0 e-flex e-con-boxed e-con e-parent\" data-id=\"a71fab0\" data-element_type=\"container\" data-e-type=\"container\" data-settings=\"{&quot;background_background&quot;:&quot;classic&quot;}\">\n\t\t\t\t\t<div class=\"e-con-inner\">\n\t\t\t\t<div class=\"elementor-element elementor-element-c7ac9c3 elementor-widget elementor-widget-image\" data-id=\"c7ac9c3\" data-element_type=\"widget\" data-e-type=\"widget\" data-widget_type=\"image.default\">\n\t\t\t\t\t\t\t\t\t\t\t\t\t\t\t<img decoding=\"async\" width=\"800\" height=\"800\" src=\"https:\/\/lampowatti.fi\/wp-content\/uploads\/2024\/06\/9fa04b8d-6e4b-425d-ad2c-87c794912e09.webp\" class=\"attachment-large size-large wp-image-1501\" alt=\"\" srcset=\"https:\/\/lampowatti.fi\/wp-content\/uploads\/2024\/06\/9fa04b8d-6e4b-425d-ad2c-87c794912e09.webp 1024w, https:\/\/lampowatti.fi\/wp-content\/uploads\/2024\/06\/9fa04b8d-6e4b-425d-ad2c-87c794912e09-300x300.webp 300w, https:\/\/lampowatti.fi\/wp-content\/uploads\/2024\/06\/9fa04b8d-6e4b-425d-ad2c-87c794912e09-150x150.webp 150w, https:\/\/lampowatti.fi\/wp-content\/uploads\/2024\/06\/9fa04b8d-6e4b-425d-ad2c-87c794912e09-768x768.webp 768w\" sizes=\"(max-width: 800px) 100vw, 800px\" title=\"\">\t\t\t\t\t\t\t\t\t\t\t\t\t\t\t<\/div>\n\t\t\t\t\t<\/div>\n\t\t\t\t<\/div>\n\t\t\t\t<\/div>\n\t\t","protected":false},"excerpt":{"rendered":"<p>Vinn en vattenv\u00e4rmepump f\u00f6r 8000 \u20ac installerad i ditt hem i L\u00e4mp\u00f6Wats utlottning Vill du vinna nyckelf\u00e4rdig vatten-till-luft-v\u00e4rme installerad i ditt hem (v\u00e4rde 8 000 euro) och spara stora summor p\u00e5 din elr\u00e4kning?&nbsp; Delta i L\u00e4mp\u00f6Wats stora v\u00e4rmepumpsdragning 2025 och du kan bli den lyckliga vinnaren. F\u00f6r att delta beh\u00f6ver du bara fylla i formul\u00e4ret [&hellip;]<\/p>\n","protected":false},"author":3,"featured_media":0,"parent":0,"menu_order":0,"comment_status":"closed","ping_status":"closed","template":"","meta":{"footnotes":""},"class_list":["post-615","page","type-page","status-publish","hentry"],"_links":{"self":[{"href":"https:\/\/lampowatti.fi\/sv\/wp-json\/wp\/v2\/pages\/615","targetHints":{"allow":["GET"]}}],"collection":[{"href":"https:\/\/lampowatti.fi\/sv\/wp-json\/wp\/v2\/pages"}],"about":[{"href":"https:\/\/lampowatti.fi\/sv\/wp-json\/wp\/v2\/types\/page"}],"author":[{"embeddable":true,"href":"https:\/\/lampowatti.fi\/sv\/wp-json\/wp\/v2\/users\/3"}],"replies":[{"embeddable":true,"href":"https:\/\/lampowatti.fi\/sv\/wp-json\/wp\/v2\/comments?post=615"}],"version-history":[{"count":0,"href":"https:\/\/lampowatti.fi\/sv\/wp-json\/wp\/v2\/pages\/615\/revisions"}],"wp:attachment":[{"href":"https:\/\/lampowatti.fi\/sv\/wp-json\/wp\/v2\/media?parent=615"}],"curies":[{"name":"wp","href":"https:\/\/api.w.org\/{rel}","templated":true}]}}