{"id":366,"date":"2024-04-03T22:01:54","date_gmt":"2024-04-03T22:01:54","guid":{"rendered":"https:\/\/lampowatti.fi\/tack-for-din-offertforfragan\/"},"modified":"2025-02-27T06:29:03","modified_gmt":"2025-02-27T06:29:03","slug":"tack-for-din-offertforfragan","status":"publish","type":"page","link":"https:\/\/lampowatti.fi\/sv\/tack-for-din-offertforfragan\/","title":{"rendered":"Tack f\u00f6r din offertf\u00f6rfr\u00e5gan"},"content":{"rendered":"\n<p>Tack f\u00f6r din beg\u00e4ran om en offert. Vi \u00e5terkommer till dig inom kort.<\/p>\n\n<h2 class=\"wp-block-heading\">Vinn solpaneler installerade i ditt hem<\/h2>\n\n<p>Delta i v\u00e5r partner <a href=\"https:\/\/omawatti.fi\" target=\"_blank\" rel=\"noopener\">OmaWats<\/a> t\u00e4vling om <a href=\"https:\/\/aurinkopaneeliarvonta.com\" target=\"_blank\" rel=\"noopener\">solpaneler<\/a> och vinn ett solenergisystem som installeras i ditt hem (v\u00e4rde 8 000 euro). Det finns ingen skyldighet att delta. <\/p>\n\n<p><a href=\"https:\/\/aurinkopaneeliarvonta.com\" target=\"_blank\" rel=\"noopener\">Delta i utlottningen av solpaneler h\u00e4r!<\/a><\/p>\n","protected":false},"excerpt":{"rendered":"<p>Tack f\u00f6r din beg\u00e4ran om en offert. Vi \u00e5terkommer till dig inom kort. Vinn solpaneler installerade i ditt hem Delta i v\u00e5r partner OmaWats t\u00e4vling om solpaneler och vinn ett solenergisystem som installeras i ditt hem (v\u00e4rde 8 000 euro). Det finns ingen skyldighet att delta. Delta i utlottningen av solpaneler h\u00e4r!<\/p>\n","protected":false},"author":8,"featured_media":0,"parent":0,"menu_order":0,"comment_status":"closed","ping_status":"closed","template":"","meta":{"footnotes":""},"class_list":["post-366","page","type-page","status-publish","hentry"],"_links":{"self":[{"href":"https:\/\/lampowatti.fi\/sv\/wp-json\/wp\/v2\/pages\/366","targetHints":{"allow":["GET"]}}],"collection":[{"href":"https:\/\/lampowatti.fi\/sv\/wp-json\/wp\/v2\/pages"}],"about":[{"href":"https:\/\/lampowatti.fi\/sv\/wp-json\/wp\/v2\/types\/page"}],"author":[{"embeddable":true,"href":"https:\/\/lampowatti.fi\/sv\/wp-json\/wp\/v2\/users\/8"}],"replies":[{"embeddable":true,"href":"https:\/\/lampowatti.fi\/sv\/wp-json\/wp\/v2\/comments?post=366"}],"version-history":[{"count":0,"href":"https:\/\/lampowatti.fi\/sv\/wp-json\/wp\/v2\/pages\/366\/revisions"}],"wp:attachment":[{"href":"https:\/\/lampowatti.fi\/sv\/wp-json\/wp\/v2\/media?parent=366"}],"curies":[{"name":"wp","href":"https:\/\/api.w.org\/{rel}","templated":true}]}}