{"id":708,"date":"2024-06-05T02:12:39","date_gmt":"2024-06-05T02:12:39","guid":{"rendered":"https:\/\/lampowatti.fi\/call-for-tenders\/"},"modified":"2025-02-27T06:32:21","modified_gmt":"2025-02-27T06:32:21","slug":"call-for-tenders","status":"publish","type":"page","link":"https:\/\/lampowatti.fi\/en\/call-for-tenders\/","title":{"rendered":"Call for tenders"},"content":{"rendered":"\t\t<div data-elementor-type=\"wp-page\" data-elementor-id=\"708\" class=\"elementor elementor-708 elementor-702\" data-elementor-post-type=\"page\">\n\t\t\t\t<div class=\"elementor-element elementor-element-3909ea7 e-flex e-con-boxed e-con e-parent\" data-id=\"3909ea7\" data-element_type=\"container\" data-e-type=\"container\">\n\t\t\t\t\t<div class=\"e-con-inner\">\n\t\t\t\t<div class=\"elementor-element elementor-element-58bd3d1 elementor-widget elementor-widget-heading\" data-id=\"58bd3d1\" data-element_type=\"widget\" data-e-type=\"widget\" data-widget_type=\"heading.default\">\n\t\t\t\t\t<h2 class=\"elementor-heading-title elementor-size-default\">Get a quote from L\u00e4mp\u00f6Wat for a water-to-air heat pump or heating system replacement at a worry-free low price - we can give you a payment period of up to 120 months<\/h2>\t\t\t\t<\/div>\n\t\t\t\t<div class=\"elementor-element elementor-element-725bd81c elementor-widget elementor-widget-text-editor\" data-id=\"725bd81c\" data-element_type=\"widget\" data-e-type=\"widget\" data-widget_type=\"text-editor.default\">\n\t\t\t\t\t\t\t\t\t<p>Are you interested in replacing your home heating system, <b>saving electricity<\/b> or buying a quality <b>water-to-air heat pump<\/b> for your home? With L\u00e4mp\u00f6Wat you get all our products and services with a payment period of up to <strong>120<\/strong><b> months <\/b>, <b>YES<\/b>, you pay for your purchase conveniently with a low-cost instalment plan for the length of your choice.<\/p>\n<p>Start saving electricity and energy today by requesting a quote from us using the form below and you won&#8217;t regret it!<\/p>\n\t\t\t\t\t\t\t\t<\/div>\n\t\t\t\t\t<\/div>\n\t\t\t\t<\/div>\n\t\t<div class=\"elementor-element elementor-element-0671fa5 e-flex e-con-boxed e-con e-parent\" data-id=\"0671fa5\" data-element_type=\"container\" data-e-type=\"container\" data-settings=\"{&quot;background_background&quot;:&quot;classic&quot;}\">\n\t\t\t\t\t<div class=\"e-con-inner\">\n\t\t<div class=\"elementor-element elementor-element-eb8e536 e-con-full e-flex e-con e-child\" data-id=\"eb8e536\" data-element_type=\"container\" data-e-type=\"container\">\n\t\t\t\t<div class=\"elementor-element elementor-element-6acf8ee elementor-widget elementor-widget-heading\" data-id=\"6acf8ee\" data-element_type=\"widget\" data-e-type=\"widget\" data-widget_type=\"heading.default\">\n\t\t\t\t\t<h3 class=\"elementor-heading-title elementor-size-default\">Why request a quote from L\u00e4mp\u00f6Wat? Here are 5 reasons! <\/h3>\t\t\t\t<\/div>\n\t\t\t\t<\/div>\n\t\t<div class=\"elementor-element elementor-element-dba060b e-con-full e-flex e-con e-child\" data-id=\"dba060b\" data-element_type=\"container\" data-e-type=\"container\">\n\t\t\t\t<div class=\"elementor-element elementor-element-1d68a31 elementor-hidden-mobile elementor-widget elementor-widget-image\" data-id=\"1d68a31\" data-element_type=\"widget\" data-e-type=\"widget\" data-widget_type=\"image.default\">\n\t\t\t\t\t\t\t\t\t\t\t\t\t\t\t<img fetchpriority=\"high\" decoding=\"async\" width=\"500\" height=\"567\" src=\"https:\/\/lampowatti.fi\/wp-content\/uploads\/2024\/07\/vesi-ilmalampopumpun-tarjouspyynto-lampowatti.jpg\" class=\"attachment-large size-large wp-image-937\" alt=\"Vesi-ilmal\u00e4mp\u00f6pumpun tarjouspyynt\u00f6\" srcset=\"https:\/\/lampowatti.fi\/wp-content\/uploads\/2024\/07\/vesi-ilmalampopumpun-tarjouspyynto-lampowatti.jpg 500w, https:\/\/lampowatti.fi\/wp-content\/uploads\/2024\/07\/vesi-ilmalampopumpun-tarjouspyynto-lampowatti-265x300.jpg 265w\" sizes=\"(max-width: 500px) 100vw, 500px\" title=\"\">\t\t\t\t\t\t\t\t\t\t\t\t\t\t\t<\/div>\n\t\t\t\t<\/div>\n\t\t\t\t\t<\/div>\n\t\t\t\t<\/div>\n\t\t<div class=\"elementor-element elementor-element-fd575b7 e-flex e-con-boxed e-con e-parent\" data-id=\"fd575b7\" data-element_type=\"container\" data-e-type=\"container\" id=\"tarjous\">\n\t\t\t\t\t<div class=\"e-con-inner\">\n\t\t\t\t<div class=\"elementor-element elementor-element-f832a40 elementor-widget elementor-widget-heading\" data-id=\"f832a40\" data-element_type=\"widget\" data-e-type=\"widget\" data-widget_type=\"heading.default\">\n\t\t\t\t\t<h3 class=\"elementor-heading-title elementor-size-default\">Enter your details &amp; request a quote by filling in the form below<\/h3>\t\t\t\t<\/div>\n\t\t\t\t<div class=\"elementor-element elementor-element-04c229e elementor-widget elementor-widget-text-editor\" data-id=\"04c229e\" data-element_type=\"widget\" data-e-type=\"widget\" data-widget_type=\"text-editor.default\">\n\t\t\t\t\t\t\t\t\t<p>Fill in your details and we&#8217;ll make you a great offer you can&#8217;t refuse and get up to 120 months grace period<\/p>\n\t\t\t\t\t\t\t\t<\/div>\n\t\t\t\t\t<\/div>\n\t\t\t\t<\/div>\n\t\t<div class=\"elementor-element elementor-element-3674d2c e-flex e-con-boxed e-con e-parent\" data-id=\"3674d2c\" data-element_type=\"container\" data-e-type=\"container\" data-settings=\"{&quot;background_background&quot;:&quot;classic&quot;}\">\n\t\t\t\t\t<div class=\"e-con-inner\">\n\t\t\t\t\t<\/div>\n\t\t\t\t<\/div>\n\t\t<div class=\"elementor-element elementor-element-b7d8971 e-flex e-con-boxed e-con e-parent\" data-id=\"b7d8971\" data-element_type=\"container\" data-e-type=\"container\">\n\t\t\t\t\t<div class=\"e-con-inner\">\n\t\t\t\t<div class=\"elementor-element elementor-element-b855c2d elementor-hidden-desktop elementor-hidden-tablet elementor-widget elementor-widget-image\" data-id=\"b855c2d\" data-element_type=\"widget\" data-e-type=\"widget\" data-widget_type=\"image.default\">\n\t\t\t\t\t\t\t\t\t\t\t\t\t\t\t<img fetchpriority=\"high\" decoding=\"async\" width=\"500\" height=\"567\" src=\"https:\/\/lampowatti.fi\/wp-content\/uploads\/2024\/07\/vesi-ilmalampopumpun-tarjouspyynto-lampowatti.jpg\" class=\"attachment-large size-large wp-image-937\" alt=\"Vesi-ilmal\u00e4mp\u00f6pumpun tarjouspyynt\u00f6\" srcset=\"https:\/\/lampowatti.fi\/wp-content\/uploads\/2024\/07\/vesi-ilmalampopumpun-tarjouspyynto-lampowatti.jpg 500w, https:\/\/lampowatti.fi\/wp-content\/uploads\/2024\/07\/vesi-ilmalampopumpun-tarjouspyynto-lampowatti-265x300.jpg 265w\" sizes=\"(max-width: 500px) 100vw, 500px\" title=\"\">\t\t\t\t\t\t\t\t\t\t\t\t\t\t\t<\/div>\n\t\t\t\t\t<\/div>\n\t\t\t\t<\/div>\n\t\t\t\t<\/div>\n\t\t","protected":false},"excerpt":{"rendered":"<p>Get a quote from L\u00e4mp\u00f6Wat for a water-to-air heat pump or heating system replacement at a worry-free low price &#8211; we can give you a payment period of up to 120 months Are you interested in replacing your home heating system, saving electricity or buying a quality water-to-air heat pump for your home? With L\u00e4mp\u00f6Wat [&hellip;]<\/p>\n","protected":false},"author":3,"featured_media":0,"parent":0,"menu_order":0,"comment_status":"closed","ping_status":"closed","template":"","meta":{"footnotes":""},"class_list":["post-708","page","type-page","status-publish","hentry"],"_links":{"self":[{"href":"https:\/\/lampowatti.fi\/en\/wp-json\/wp\/v2\/pages\/708","targetHints":{"allow":["GET"]}}],"collection":[{"href":"https:\/\/lampowatti.fi\/en\/wp-json\/wp\/v2\/pages"}],"about":[{"href":"https:\/\/lampowatti.fi\/en\/wp-json\/wp\/v2\/types\/page"}],"author":[{"embeddable":true,"href":"https:\/\/lampowatti.fi\/en\/wp-json\/wp\/v2\/users\/3"}],"replies":[{"embeddable":true,"href":"https:\/\/lampowatti.fi\/en\/wp-json\/wp\/v2\/comments?post=708"}],"version-history":[{"count":0,"href":"https:\/\/lampowatti.fi\/en\/wp-json\/wp\/v2\/pages\/708\/revisions"}],"wp:attachment":[{"href":"https:\/\/lampowatti.fi\/en\/wp-json\/wp\/v2\/media?parent=708"}],"curies":[{"name":"wp","href":"https:\/\/api.w.org\/{rel}","templated":true}]}}